{"id":896,"date":"2025-11-15T15:04:44","date_gmt":"2025-11-15T15:04:44","guid":{"rendered":"https:\/\/inprint.host9.slyde.dk\/?page_id=896"},"modified":"2025-11-16T16:49:34","modified_gmt":"2025-11-16T16:49:34","slug":"vi-er-inprint","status":"publish","type":"page","link":"https:\/\/inprint.host9.slyde.dk\/?page_id=896","title":{"rendered":"Vi er INPRINT"},"content":{"rendered":"\t\t<div data-elementor-type=\"wp-page\" data-elementor-id=\"896\" class=\"elementor elementor-896\" data-elementor-settings=\"{&quot;ha_cmc_init_switcher&quot;:&quot;no&quot;}\" data-elementor-post-type=\"page\">\n\t\t\t\t<div class=\"elementor-element elementor-element-323201d e-flex e-con-boxed e-con e-parent\" data-id=\"323201d\" data-element_type=\"container\" data-settings=\"{&quot;background_background&quot;:&quot;classic&quot;,&quot;_ha_eqh_enable&quot;:false}\">\n\t\t\t\t\t<div class=\"e-con-inner\">\n\t\t<div class=\"elementor-element elementor-element-0775be8 e-flex e-con-boxed e-con e-child\" data-id=\"0775be8\" data-element_type=\"container\" data-settings=\"{&quot;_ha_eqh_enable&quot;:false}\">\n\t\t\t\t\t<div class=\"e-con-inner\">\n\t\t<div class=\"elementor-element elementor-element-e0c426b e-con-full e-flex e-con e-child\" data-id=\"e0c426b\" data-element_type=\"container\" data-settings=\"{&quot;_ha_eqh_enable&quot;:false}\">\n\t\t<div class=\"elementor-element elementor-element-31caf39 e-con-full e-flex e-con e-child\" data-id=\"31caf39\" data-element_type=\"container\" data-settings=\"{&quot;_ha_eqh_enable&quot;:false}\">\n\t\t\t\t<div class=\"elementor-element elementor-element-59f1f6a elementor-widget__width-initial elementor-widget elementor-widget-heading\" data-id=\"59f1f6a\" data-element_type=\"widget\" data-widget_type=\"heading.default\">\n\t\t\t\t\t<h1 class=\"elementor-heading-title elementor-size-default\">Vi er INPRINT<\/h1>\t\t\t\t<\/div>\n\t\t\t\t<div class=\"elementor-element elementor-element-f00727b elementor-widget__width-initial elementor-widget elementor-widget-heading\" data-id=\"f00727b\" data-element_type=\"widget\" data-widget_type=\"heading.default\">\n\t\t\t\t\t<h2 class=\"elementor-heading-title elementor-size-default\">Fra tryksv\u00e6rte til totalleverand\u00f8r<\/h2>\t\t\t\t<\/div>\n\t\t\t\t<div class=\"elementor-element elementor-element-397ca12 elementor-widget__width-initial elementor-widget elementor-widget-text-editor\" data-id=\"397ca12\" data-element_type=\"widget\" data-widget_type=\"text-editor.default\">\n\t\t\t\t\t\t\t\t\t<p>Det hele begyndte med \u00e9n trykmaskine og troen p\u00e5, at kvalitet og kreativitet kunne g\u00e5 h\u00e5nd i h\u00e5nd.<\/p><p>I dag favner vi hele processen \u2013 fra id\u00e9 til produktion og montering \u2013 og vi g\u00f8r det stadig med den samme st\u00e6dighed, nysgerrighed og k\u00e6rlighed til h\u00e5ndv\u00e6rket.<\/p>\t\t\t\t\t\t\t\t<\/div>\n\t\t\t\t<\/div>\n\t\t<div class=\"elementor-element elementor-element-21f5145 e-con-full e-flex e-con e-child\" data-id=\"21f5145\" data-element_type=\"container\" data-settings=\"{&quot;_ha_eqh_enable&quot;:false}\">\n\t\t\t\t<div class=\"elementor-element elementor-element-6f4d59b elementor-widget elementor-widget-image\" data-id=\"6f4d59b\" data-element_type=\"widget\" data-widget_type=\"image.default\">\n\t\t\t\t\t\t\t\t\t\t\t\t\t\t\t<img fetchpriority=\"high\" decoding=\"async\" width=\"800\" height=\"533\" src=\"https:\/\/inprint.host9.slyde.dk\/wp-content\/uploads\/2025\/11\/Johs_017898_FRIT.png\" class=\"attachment-large size-large wp-image-956\" alt=\"\" srcset=\"https:\/\/inprint.host9.slyde.dk\/wp-content\/uploads\/2025\/11\/Johs_017898_FRIT.png 800w, https:\/\/inprint.host9.slyde.dk\/wp-content\/uploads\/2025\/11\/Johs_017898_FRIT-300x200.png 300w, https:\/\/inprint.host9.slyde.dk\/wp-content\/uploads\/2025\/11\/Johs_017898_FRIT-768x512.png 768w\" sizes=\"(max-width: 800px) 100vw, 800px\" \/>\t\t\t\t\t\t\t\t\t\t\t\t\t\t\t<\/div>\n\t\t<div class=\"elementor-element elementor-element-31ea712 e-con-full e-flex e-con e-child\" data-id=\"31ea712\" data-element_type=\"container\" data-settings=\"{&quot;background_background&quot;:&quot;classic&quot;,&quot;_ha_eqh_enable&quot;:false}\">\n\t\t\t\t<\/div>\n\t\t\t\t<\/div>\n\t\t\t\t<\/div>\n\t\t\t\t\t<\/div>\n\t\t\t\t<\/div>\n\t\t\t\t\t<\/div>\n\t\t\t\t<\/div>\n\t\t<div class=\"elementor-element elementor-element-4c34b90 e-flex e-con-boxed e-con e-parent\" data-id=\"4c34b90\" data-element_type=\"container\" data-settings=\"{&quot;_ha_eqh_enable&quot;:false}\">\n\t\t\t\t\t<div class=\"e-con-inner\">\n\t\t<div class=\"elementor-element elementor-element-0520716 e-con-full e-flex e-con e-child\" data-id=\"0520716\" data-element_type=\"container\" data-settings=\"{&quot;_ha_eqh_enable&quot;:false}\">\n\t\t\t\t<div class=\"elementor-element elementor-element-1989b2a elementor-widget__width-initial elementor-widget elementor-widget-image\" data-id=\"1989b2a\" data-element_type=\"widget\" data-widget_type=\"image.default\">\n\t\t\t\t\t\t\t\t\t\t\t\t\t\t\t<img decoding=\"async\" width=\"800\" height=\"800\" src=\"https:\/\/inprint.host9.slyde.dk\/wp-content\/uploads\/2025\/10\/DEKO_TEST_3.jpg\" class=\"attachment-large size-large wp-image-521\" alt=\"\" srcset=\"https:\/\/inprint.host9.slyde.dk\/wp-content\/uploads\/2025\/10\/DEKO_TEST_3.jpg 800w, https:\/\/inprint.host9.slyde.dk\/wp-content\/uploads\/2025\/10\/DEKO_TEST_3-300x300.jpg 300w, https:\/\/inprint.host9.slyde.dk\/wp-content\/uploads\/2025\/10\/DEKO_TEST_3-150x150.jpg 150w, https:\/\/inprint.host9.slyde.dk\/wp-content\/uploads\/2025\/10\/DEKO_TEST_3-768x768.jpg 768w\" sizes=\"(max-width: 800px) 100vw, 800px\" \/>\t\t\t\t\t\t\t\t\t\t\t\t\t\t\t<\/div>\n\t\t\t\t<\/div>\n\t\t<div class=\"elementor-element elementor-element-f1c62dd e-con-full e-flex e-con e-child\" data-id=\"f1c62dd\" data-element_type=\"container\" data-settings=\"{&quot;_ha_eqh_enable&quot;:false}\">\n\t\t\t\t<div class=\"elementor-element elementor-element-2d4b7ca elementor-widget elementor-widget-heading\" data-id=\"2d4b7ca\" data-element_type=\"widget\" data-widget_type=\"heading.default\">\n\t\t\t\t\t<h2 class=\"elementor-heading-title elementor-size-default\">Det hele startede med tryk<\/h2>\t\t\t\t<\/div>\n\t\t\t\t<div class=\"elementor-element elementor-element-db1e0f6 elementor-widget elementor-widget-text-editor\" data-id=\"db1e0f6\" data-element_type=\"widget\" data-widget_type=\"text-editor.default\">\n\t\t\t\t\t\t\t\t\t<p>I 1999 trykkede Niels J\u00f8rgen og Birthe Nielsen de f\u00f8rste opgaver i Kolding. De troede p\u00e5 ordentlighed, h\u00e5ndv\u00e6rk og langvarige relationer \u2013 og det g\u00f8r vi stadig. Det var her, fundamentet blev lagt: <em>Vi lover ikke mere, end vi kan holde \u2013 men vi holder altid, hvad vi lover.<\/em><\/p>\t\t\t\t\t\t\t\t<\/div>\n\t\t\t\t<\/div>\n\t\t\t\t\t<\/div>\n\t\t\t\t<\/div>\n\t\t<div class=\"elementor-element elementor-element-e614461 e-flex e-con-boxed e-con e-parent\" data-id=\"e614461\" data-element_type=\"container\" data-settings=\"{&quot;background_background&quot;:&quot;classic&quot;,&quot;_ha_eqh_enable&quot;:false}\">\n\t\t\t\t\t<div class=\"e-con-inner\">\n\t\t<div class=\"elementor-element elementor-element-3829408 e-con-full e-flex e-con e-child\" data-id=\"3829408\" data-element_type=\"container\" data-settings=\"{&quot;_ha_eqh_enable&quot;:false}\">\n\t\t<div class=\"elementor-element elementor-element-76012d9 e-con-full e-flex e-con e-child\" data-id=\"76012d9\" data-element_type=\"container\" data-settings=\"{&quot;background_background&quot;:&quot;classic&quot;,&quot;_ha_eqh_enable&quot;:false}\">\n\t\t\t\t<div class=\"elementor-element elementor-element-888788c elementor-widget elementor-widget-heading\" data-id=\"888788c\" data-element_type=\"widget\" data-widget_type=\"heading.default\">\n\t\t\t\t\t<h2 class=\"elementor-heading-title elementor-size-default\">2. Generation to <br>\u2013 nye id\u00e9er, samme drivkraft<\/h2>\t\t\t\t<\/div>\n\t\t\t\t<div class=\"elementor-element elementor-element-f83d4d0 elementor-widget elementor-widget-text-editor\" data-id=\"f83d4d0\" data-element_type=\"widget\" data-widget_type=\"text-editor.default\">\n\t\t\t\t\t\t\t\t\t<p>S\u00f8ren Nielsen har f\u00f8rt virksomheden ind i en ny tid.<br \/>Fra traditionelt trykkeri til kreativ totalleverand\u00f8r med design, produktion og montage samlet under \u00e9t tag.<\/p><p>Uanset hvor komplekse dine opgaver er, finder vi en vej \u2013 og en deadline, der holder.<br \/>N\u00e5r vi siger <em>We make shit happen<\/em>, s\u00e5 mener vi det faktisk.<br \/>Det eneste, vi vil, er at skabe gode l\u00f8sninger sammen med folk, der g\u00e5r op i det, de laver.<\/p>\t\t\t\t\t\t\t\t<\/div>\n\t\t\t\t<\/div>\n\t\t<div class=\"elementor-element elementor-element-2ecafb5 e-con-full e-flex e-con e-child\" data-id=\"2ecafb5\" data-element_type=\"container\" data-settings=\"{&quot;background_background&quot;:&quot;classic&quot;,&quot;_ha_eqh_enable&quot;:false}\">\n\t\t\t\t<\/div>\n\t\t\t\t<\/div>\n\t\t\t\t\t<\/div>\n\t\t\t\t<\/div>\n\t\t<div class=\"elementor-element elementor-element-193341b e-flex e-con-boxed e-con e-parent\" data-id=\"193341b\" data-element_type=\"container\" data-settings=\"{&quot;_ha_eqh_enable&quot;:false}\">\n\t\t\t\t\t<div class=\"e-con-inner\">\n\t\t<div class=\"elementor-element elementor-element-2120988 e-con-full e-flex e-con e-child\" data-id=\"2120988\" data-element_type=\"container\" data-settings=\"{&quot;_ha_eqh_enable&quot;:false}\">\n\t\t\t\t<div class=\"elementor-element elementor-element-22c6683 elementor-widget__width-initial elementor-widget elementor-widget-image\" data-id=\"22c6683\" data-element_type=\"widget\" data-widget_type=\"image.default\">\n\t\t\t\t\t\t\t\t\t\t\t\t\t\t\t<img decoding=\"async\" width=\"800\" height=\"800\" src=\"https:\/\/inprint.host9.slyde.dk\/wp-content\/uploads\/2025\/10\/DEKO_TEST_3.jpg\" class=\"attachment-large size-large wp-image-521\" alt=\"\" srcset=\"https:\/\/inprint.host9.slyde.dk\/wp-content\/uploads\/2025\/10\/DEKO_TEST_3.jpg 800w, https:\/\/inprint.host9.slyde.dk\/wp-content\/uploads\/2025\/10\/DEKO_TEST_3-300x300.jpg 300w, https:\/\/inprint.host9.slyde.dk\/wp-content\/uploads\/2025\/10\/DEKO_TEST_3-150x150.jpg 150w, https:\/\/inprint.host9.slyde.dk\/wp-content\/uploads\/2025\/10\/DEKO_TEST_3-768x768.jpg 768w\" sizes=\"(max-width: 800px) 100vw, 800px\" \/>\t\t\t\t\t\t\t\t\t\t\t\t\t\t\t<\/div>\n\t\t\t\t<\/div>\n\t\t<div class=\"elementor-element elementor-element-5b7d98b e-con-full e-flex e-con e-child\" data-id=\"5b7d98b\" data-element_type=\"container\" data-settings=\"{&quot;_ha_eqh_enable&quot;:false}\">\n\t\t\t\t<div class=\"elementor-element elementor-element-5a99684 elementor-widget elementor-widget-heading\" data-id=\"5a99684\" data-element_type=\"widget\" data-widget_type=\"heading.default\">\n\t\t\t\t\t<h2 class=\"elementor-heading-title elementor-size-default\">Et hus fyldt med specialister og sammenhold<\/h2>\t\t\t\t<\/div>\n\t\t\t\t<div class=\"elementor-element elementor-element-0749140 elementor-widget elementor-widget-text-editor\" data-id=\"0749140\" data-element_type=\"widget\" data-widget_type=\"text-editor.default\">\n\t\t\t\t\t\t\t\t\t<p>Vi er et hus fyldt med engagerede mennesker, der elsker at g\u00f8re id\u00e9er til virkelighed.<br \/>Her er h\u00f8jt til loftet, kort vej fra tanke til handling \u2013 og altid plads til grin undervejs.<br \/>Vi tror p\u00e5, at arbejdsgl\u00e6de og kvalitet h\u00e6nger sammen.<br \/>Vores trivsel g\u00f8r, at vi v\u00e6rds\u00e6tter og respekterer hinandens kompetencer, forskelligheder og perspektiver \u2013 og det m\u00e6rkes i alt, hvad vi skaber sammen.<\/p>\t\t\t\t\t\t\t\t<\/div>\n\t\t\t\t<\/div>\n\t\t\t\t\t<\/div>\n\t\t\t\t<\/div>\n\t\t<div class=\"elementor-element elementor-element-e13fb4b e-flex e-con-boxed e-con e-parent\" data-id=\"e13fb4b\" data-element_type=\"container\" data-settings=\"{&quot;background_background&quot;:&quot;classic&quot;,&quot;_ha_eqh_enable&quot;:false}\">\n\t\t\t\t\t<div class=\"e-con-inner\">\n\t\t<div class=\"elementor-element elementor-element-44e6912 e-con-full e-flex e-con e-child\" data-id=\"44e6912\" data-element_type=\"container\" data-settings=\"{&quot;_ha_eqh_enable&quot;:false}\">\n\t\t<div class=\"elementor-element elementor-element-532d7fe e-con-full e-flex e-con e-child\" data-id=\"532d7fe\" data-element_type=\"container\" data-settings=\"{&quot;background_background&quot;:&quot;classic&quot;,&quot;_ha_eqh_enable&quot;:false}\">\n\t\t\t\t<div class=\"elementor-element elementor-element-67782ab elementor-widget__width-initial elementor-widget elementor-widget-heading\" data-id=\"67782ab\" data-element_type=\"widget\" data-widget_type=\"heading.default\">\n\t\t\t\t\t<h2 class=\"elementor-heading-title elementor-size-default\">Fra \u00e9n generation til den n\u00e6ste \u2013 \u00e9n ting er uforandret:<\/h2>\t\t\t\t<\/div>\n\t\t\t\t<div class=\"elementor-element elementor-element-002a6f5 elementor-widget elementor-widget-text-editor\" data-id=\"002a6f5\" data-element_type=\"widget\" data-widget_type=\"text-editor.default\">\n\t\t\t\t\t\t\t\t\t<p><strong>Vi f\u00e5r tingene til at ske.<\/strong><br \/><strong>WE MAKE SHIT HAPPEN.<\/strong><\/p><p>\u00a0<\/p><p>Siden 1999<\/p>\t\t\t\t\t\t\t\t<\/div>\n\t\t\t\t<\/div>\n\t\t<div class=\"elementor-element elementor-element-ba12e25 e-con-full e-flex e-con e-child\" data-id=\"ba12e25\" data-element_type=\"container\" data-settings=\"{&quot;background_background&quot;:&quot;classic&quot;,&quot;_ha_eqh_enable&quot;:false}\">\n\t\t\t\t<\/div>\n\t\t\t\t<\/div>\n\t\t\t\t\t<\/div>\n\t\t\t\t<\/div>\n\t\t<div class=\"elementor-element elementor-element-6acbc4b4 e-flex e-con-boxed e-con e-parent\" data-id=\"6acbc4b4\" data-element_type=\"container\" data-settings=\"{&quot;background_background&quot;:&quot;classic&quot;,&quot;_ha_eqh_enable&quot;:false}\">\n\t\t\t\t\t<div class=\"e-con-inner\">\n\t\t<div class=\"elementor-element elementor-element-267b8649 e-con-full e-flex e-con e-child\" data-id=\"267b8649\" data-element_type=\"container\" data-settings=\"{&quot;_ha_eqh_enable&quot;:false}\">\n\t\t<div class=\"elementor-element elementor-element-6eb89de8 e-con-full e-flex e-con e-child\" data-id=\"6eb89de8\" data-element_type=\"container\" data-settings=\"{&quot;_ha_eqh_enable&quot;:false}\">\n\t\t\t\t<div class=\"elementor-element elementor-element-6ec308ad elementor-widget elementor-widget-heading\" data-id=\"6ec308ad\" data-element_type=\"widget\" data-widget_type=\"heading.default\">\n\t\t\t\t\t<h2 class=\"elementor-heading-title elementor-size-default\">Vi deler id\u00e9er fra virkeligheden<\/h2>\t\t\t\t<\/div>\n\t\t\t\t<div class=\"elementor-element elementor-element-7d71a94b elementor-widget__width-initial elementor-widget elementor-widget-text-editor\" data-id=\"7d71a94b\" data-element_type=\"widget\" data-widget_type=\"text-editor.default\">\n\t\t\t\t\t\t\t\t\tHos InPrint deler vi cases, id\u00e9er og eksempler p\u00e5, hvordan kreative materialer og l\u00f8sninger skaber synlighed og effekt i praksis.\n<br><br>\nEt nyhedsbrev, der m\u00e5ske s\u00e6tter gang i dit n\u00e6ste projekt.\n<span style=\"letter-spacing: -0.3px;\"><br>Tilmeld dig og bliv inspireret af hvordan <b>WE MAKE SHIT HAPPEN<\/b><\/span>\t\t\t\t\t\t\t\t<\/div>\n\t\t\t\t<\/div>\n\t\t\t\t<\/div>\n\t\t<div class=\"elementor-element elementor-element-3f0cb0f2 e-con-full e-flex e-con e-child\" data-id=\"3f0cb0f2\" data-element_type=\"container\" data-settings=\"{&quot;_ha_eqh_enable&quot;:false}\">\n\t\t<div class=\"elementor-element elementor-element-398f8ca6 e-con-full e-flex e-con e-child\" data-id=\"398f8ca6\" data-element_type=\"container\" data-settings=\"{&quot;_ha_eqh_enable&quot;:false}\">\n\t\t<div class=\"elementor-element elementor-element-2bcf3111 e-con-full e-flex e-con e-child\" data-id=\"2bcf3111\" data-element_type=\"container\" data-settings=\"{&quot;_ha_eqh_enable&quot;:false}\">\n\t\t\t\t<div class=\"elementor-element elementor-element-c040793 elementor-button-align-stretch elementor-widget elementor-widget-form\" data-id=\"c040793\" data-element_type=\"widget\" data-settings=\"{&quot;step_next_label&quot;:&quot;Next&quot;,&quot;step_previous_label&quot;:&quot;Previous&quot;,&quot;button_width&quot;:&quot;100&quot;,&quot;step_type&quot;:&quot;number_text&quot;,&quot;step_icon_shape&quot;:&quot;circle&quot;}\" data-widget_type=\"form.default\">\n\t\t\t\t\t\t\t<form class=\"elementor-form\" method=\"post\" name=\"New Form\" aria-label=\"New Form\">\n\t\t\t<input type=\"hidden\" name=\"post_id\" value=\"896\"\/>\n\t\t\t<input type=\"hidden\" name=\"form_id\" value=\"c040793\"\/>\n\t\t\t<input type=\"hidden\" name=\"referer_title\" value=\"Vi er INPRINT\" \/>\n\n\t\t\t\t\t\t\t<input type=\"hidden\" name=\"queried_id\" value=\"896\"\/>\n\t\t\t\n\t\t\t<div class=\"elementor-form-fields-wrapper elementor-labels-\">\n\t\t\t\t\t\t\t\t<div class=\"elementor-field-type-text elementor-field-group elementor-column elementor-field-group-name elementor-col-100\">\n\t\t\t\t\t\t\t\t\t\t\t\t<label for=\"form-field-name\" class=\"elementor-field-label elementor-screen-only\">\n\t\t\t\t\t\t\t\tName\t\t\t\t\t\t\t<\/label>\n\t\t\t\t\t\t\t\t\t\t\t\t\t\t<input size=\"1\" type=\"text\" name=\"form_fields[name]\" id=\"form-field-name\" class=\"elementor-field elementor-size-lg  elementor-field-textual\" placeholder=\"Name\">\n\t\t\t\t\t\t\t\t\t\t\t<\/div>\n\t\t\t\t\t\t\t\t<div class=\"elementor-field-type-text elementor-field-group elementor-column elementor-field-group-field_a66da9e elementor-col-100\">\n\t\t\t\t\t\t\t\t\t\t\t\t<label for=\"form-field-field_a66da9e\" class=\"elementor-field-label elementor-screen-only\">\n\t\t\t\t\t\t\t\tVirksomhed\t\t\t\t\t\t\t<\/label>\n\t\t\t\t\t\t\t\t\t\t\t\t\t\t<input size=\"1\" type=\"text\" name=\"form_fields[field_a66da9e]\" id=\"form-field-field_a66da9e\" class=\"elementor-field elementor-size-lg  elementor-field-textual\" placeholder=\"Virksomhed\">\n\t\t\t\t\t\t\t\t\t\t\t<\/div>\n\t\t\t\t\t\t\t\t<div class=\"elementor-field-type-text elementor-field-group elementor-column elementor-field-group-field_e657720 elementor-col-100\">\n\t\t\t\t\t\t\t\t\t\t\t\t<label for=\"form-field-field_e657720\" class=\"elementor-field-label elementor-screen-only\">\n\t\t\t\t\t\t\t\tTitel\t\t\t\t\t\t\t<\/label>\n\t\t\t\t\t\t\t\t\t\t\t\t\t\t<input size=\"1\" type=\"text\" name=\"form_fields[field_e657720]\" id=\"form-field-field_e657720\" class=\"elementor-field elementor-size-lg  elementor-field-textual\" placeholder=\"Titel\">\n\t\t\t\t\t\t\t\t\t\t\t<\/div>\n\t\t\t\t\t\t\t\t<div class=\"elementor-field-type-email elementor-field-group elementor-column elementor-field-group-email elementor-col-100 elementor-field-required\">\n\t\t\t\t\t\t\t\t\t\t\t\t<label for=\"form-field-email\" class=\"elementor-field-label elementor-screen-only\">\n\t\t\t\t\t\t\t\tEmail\t\t\t\t\t\t\t<\/label>\n\t\t\t\t\t\t\t\t\t\t\t\t\t\t<input size=\"1\" type=\"email\" name=\"form_fields[email]\" id=\"form-field-email\" class=\"elementor-field elementor-size-lg  elementor-field-textual\" placeholder=\"Email\" required=\"required\">\n\t\t\t\t\t\t\t\t\t\t\t<\/div>\n\t\t\t\t\t\t\t\t<div class=\"elementor-field-group elementor-column elementor-field-type-submit elementor-col-100 e-form__buttons\">\n\t\t\t\t\t<button class=\"elementor-button elementor-size-lg\" type=\"submit\">\n\t\t\t\t\t\t<span class=\"elementor-button-content-wrapper\">\n\t\t\t\t\t\t\t\t\t\t\t\t\t\t\t\t\t\t\t\t\t\t<span class=\"elementor-button-text\">Send<\/span>\n\t\t\t\t\t\t\t\t\t\t\t\t\t<\/span>\n\t\t\t\t\t<\/button>\n\t\t\t\t<\/div>\n\t\t\t<\/div>\n\t\t<\/form>\n\t\t\t\t\t\t<\/div>\n\t\t<div class=\"elementor-element elementor-element-6080a0f2 e-con-full e-flex e-con e-child\" data-id=\"6080a0f2\" data-element_type=\"container\" data-settings=\"{&quot;_ha_eqh_enable&quot;:false}\">\n\t\t\t\t<div class=\"elementor-element elementor-element-712a1976 elementor-view-default elementor-widget elementor-widget-icon\" data-id=\"712a1976\" data-element_type=\"widget\" data-widget_type=\"icon.default\">\n\t\t\t\t\t\t\t<div class=\"elementor-icon-wrapper\">\n\t\t\t<div class=\"elementor-icon\">\n\t\t\t<svg aria-hidden=\"true\" class=\"e-font-icon-svg e-far-circle\" viewBox=\"0 0 512 512\" xmlns=\"http:\/\/www.w3.org\/2000\/svg\"><path d=\"M256 8C119 8 8 119 8 256s111 248 248 248 248-111 248-248S393 8 256 8zm0 448c-110.5 0-200-89.5-200-200S145.5 56 256 56s200 89.5 200 200-89.5 200-200 200z\"><\/path><\/svg>\t\t\t<\/div>\n\t\t<\/div>\n\t\t\t\t\t\t<\/div>\n\t\t\t\t<div class=\"elementor-element elementor-element-240bdf55 elementor-widget elementor-widget-text-editor\" data-id=\"240bdf55\" data-element_type=\"widget\" data-widget_type=\"text-editor.default\">\n\t\t\t\t\t\t\t\t\t<p>Ved tilmelding accepterer jeg at modtage nyhedsbreve og invitationer fra InPrint<\/p>\t\t\t\t\t\t\t\t<\/div>\n\t\t\t\t<\/div>\n\t\t\t\t<\/div>\n\t\t\t\t<\/div>\n\t\t\t\t<\/div>\n\t\t\t\t\t<\/div>\n\t\t\t\t<\/div>\n\t\t\t\t<\/div>\n\t\t","protected":false},"excerpt":{"rendered":"<p>Vi er INPRINT Fra tryksv\u00e6rte til totalleverand\u00f8r Det hele begyndte med \u00e9n trykmaskine og troen p\u00e5, at kvalitet og kreativitet kunne g\u00e5 h\u00e5nd i h\u00e5nd. I dag favner vi hele processen \u2013 fra id\u00e9 til produktion og montering \u2013 og vi g\u00f8r det stadig med den samme st\u00e6dighed, nysgerrighed og k\u00e6rlighed til h\u00e5ndv\u00e6rket. Det hele [&hellip;]<\/p>\n","protected":false},"author":2,"featured_media":0,"parent":0,"menu_order":0,"comment_status":"closed","ping_status":"closed","template":"","meta":{"footnotes":""},"class_list":["post-896","page","type-page","status-publish","hentry"],"_links":{"self":[{"href":"https:\/\/inprint.host9.slyde.dk\/index.php?rest_route=\/wp\/v2\/pages\/896","targetHints":{"allow":["GET"]}}],"collection":[{"href":"https:\/\/inprint.host9.slyde.dk\/index.php?rest_route=\/wp\/v2\/pages"}],"about":[{"href":"https:\/\/inprint.host9.slyde.dk\/index.php?rest_route=\/wp\/v2\/types\/page"}],"author":[{"embeddable":true,"href":"https:\/\/inprint.host9.slyde.dk\/index.php?rest_route=\/wp\/v2\/users\/2"}],"replies":[{"embeddable":true,"href":"https:\/\/inprint.host9.slyde.dk\/index.php?rest_route=%2Fwp%2Fv2%2Fcomments&post=896"}],"version-history":[{"count":18,"href":"https:\/\/inprint.host9.slyde.dk\/index.php?rest_route=\/wp\/v2\/pages\/896\/revisions"}],"predecessor-version":[{"id":1040,"href":"https:\/\/inprint.host9.slyde.dk\/index.php?rest_route=\/wp\/v2\/pages\/896\/revisions\/1040"}],"wp:attachment":[{"href":"https:\/\/inprint.host9.slyde.dk\/index.php?rest_route=%2Fwp%2Fv2%2Fmedia&parent=896"}],"curies":[{"name":"wp","href":"https:\/\/api.w.org\/{rel}","templated":true}]}}