{"id":891,"date":"2025-11-15T14:45:18","date_gmt":"2025-11-15T14:45:18","guid":{"rendered":"https:\/\/inprint.host9.slyde.dk\/?page_id=891"},"modified":"2025-11-16T16:57:07","modified_gmt":"2025-11-16T16:57:07","slug":"synliggor-dit-brand","status":"publish","type":"page","link":"https:\/\/inprint.host9.slyde.dk\/?page_id=891","title":{"rendered":"Synligg\u00f8r dit brand"},"content":{"rendered":"\t\t<div data-elementor-type=\"wp-page\" data-elementor-id=\"891\" class=\"elementor elementor-891\" data-elementor-settings=\"{&quot;ha_cmc_init_switcher&quot;:&quot;no&quot;}\" data-elementor-post-type=\"page\">\n\t\t\t\t<div class=\"elementor-element elementor-element-323201d e-flex e-con-boxed e-con e-parent\" data-id=\"323201d\" data-element_type=\"container\" data-settings=\"{&quot;background_background&quot;:&quot;classic&quot;,&quot;_ha_eqh_enable&quot;:false}\">\n\t\t\t\t\t<div class=\"e-con-inner\">\n\t\t<div class=\"elementor-element elementor-element-0775be8 e-flex e-con-boxed e-con e-child\" data-id=\"0775be8\" data-element_type=\"container\" data-settings=\"{&quot;_ha_eqh_enable&quot;:false}\">\n\t\t\t\t\t<div class=\"e-con-inner\">\n\t\t\t\t<div class=\"elementor-element elementor-element-59f1f6a elementor-widget__width-initial elementor-widget elementor-widget-heading\" data-id=\"59f1f6a\" data-element_type=\"widget\" data-widget_type=\"heading.default\">\n\t\t\t\t\t<h1 class=\"elementor-heading-title elementor-size-default\">Synligg\u00f8r dit brand<\/h1>\t\t\t\t<\/div>\n\t\t\t\t<div class=\"elementor-element elementor-element-f00727b elementor-widget__width-initial elementor-widget elementor-widget-heading\" data-id=\"f00727b\" data-element_type=\"widget\" data-widget_type=\"heading.default\">\n\t\t\t\t\t<h2 class=\"elementor-heading-title elementor-size-default\">Fra strategi til synlighed <br>\u2013 vi f\u00e5r det til at ske<\/h2>\t\t\t\t<\/div>\n\t\t\t\t<div class=\"elementor-element elementor-element-397ca12 elementor-widget__width-initial elementor-widget elementor-widget-text-editor\" data-id=\"397ca12\" data-element_type=\"widget\" data-widget_type=\"text-editor.default\">\n\t\t\t\t\t\t\t\t\t<p><b>Et st\u00e6rkt brand skal ikke kun ses \u2013 det skal m\u00e6rkes.<\/b><br \/><br \/>Hos InPrint hj\u00e6lper vi virksomheder og retailk\u00e6der med at bringe deres brand til live i den fysiske verden.<br \/>Vi tager udgangspunkt i jeres brand, designmanual og m\u00e5l \u2013 og oms\u00e6tter dem til l\u00f8sninger, der fungerer i praksis: i butikker, p\u00e5 messer, til events og i det offentlige rum.<\/p><p>Vi tror p\u00e5 partnerskab og respekt for jeres brand. Derfor arbejder vi t\u00e6t sammen med marketing, arkitekter og k\u00e6deansvarlige for at skabe l\u00f8sninger, der b\u00e5de er tro mod udtrykket og fungerer i hverdagen.<\/p><p>Her handler det ikke kun om, hvordan tingene ser ud \u2013 men hvordan de opleves.<\/p>\t\t\t\t\t\t\t\t<\/div>\n\t\t\t\t\t<\/div>\n\t\t\t\t<\/div>\n\t\t\t\t\t<\/div>\n\t\t\t\t<\/div>\n\t\t<div class=\"elementor-element elementor-element-3fdf690 e-flex e-con-boxed e-con e-parent\" data-id=\"3fdf690\" data-element_type=\"container\" data-settings=\"{&quot;_ha_eqh_enable&quot;:false}\">\n\t\t\t\t\t<div class=\"e-con-inner\">\n\t\t<div class=\"elementor-element elementor-element-441b1c8 e-con-full e-flex e-con e-child\" data-id=\"441b1c8\" data-element_type=\"container\" data-settings=\"{&quot;_ha_eqh_enable&quot;:false}\">\n\t\t\t\t<div class=\"elementor-element elementor-element-2d4b7ca elementor-widget elementor-widget-heading\" data-id=\"2d4b7ca\" data-element_type=\"widget\" data-widget_type=\"heading.default\">\n\t\t\t\t\t<h2 class=\"elementor-heading-title elementor-size-default\">Vi g\u00f8r jeres brand synligt <br>\u2013 og levende<\/h2>\t\t\t\t<\/div>\n\t\t\t\t<div class=\"elementor-element elementor-element-db1e0f6 elementor-widget elementor-widget-text-editor\" data-id=\"db1e0f6\" data-element_type=\"widget\" data-widget_type=\"text-editor.default\">\n\t\t\t\t\t\t\t\t\t<p>Fra kampagner og butiksuniverser til specialelementer og events \u2013 vi forener kreativitet, h\u00e5ndv\u00e6rk og logistik, s\u00e5 alt h\u00e6nger sammen.<br \/>Hos os findes design, produktion, lager, logistik og montage under \u00e9t tag.<br \/>Det betyder hurtig eksekvering, h\u00f8j kvalitet og \u00e9n ansvarlig partner hele vejen<\/p>\t\t\t\t\t\t\t\t<\/div>\n\t\t\t\t<\/div>\n\t\t<div class=\"elementor-element elementor-element-78ef09d e-con-full e-flex e-con e-child\" data-id=\"78ef09d\" data-element_type=\"container\" data-settings=\"{&quot;_ha_eqh_enable&quot;:false}\">\n\t\t\t\t<div class=\"elementor-element elementor-element-eb7ae3b elementor-widget__width-initial elementor-widget elementor-widget-image\" data-id=\"eb7ae3b\" data-element_type=\"widget\" data-widget_type=\"image.default\">\n\t\t\t\t\t\t\t\t\t\t\t\t\t\t\t<img fetchpriority=\"high\" decoding=\"async\" width=\"800\" height=\"800\" src=\"https:\/\/inprint.host9.slyde.dk\/wp-content\/uploads\/2025\/10\/DEKO_TEST_3.jpg\" class=\"attachment-large size-large wp-image-521\" alt=\"\" srcset=\"https:\/\/inprint.host9.slyde.dk\/wp-content\/uploads\/2025\/10\/DEKO_TEST_3.jpg 800w, https:\/\/inprint.host9.slyde.dk\/wp-content\/uploads\/2025\/10\/DEKO_TEST_3-300x300.jpg 300w, https:\/\/inprint.host9.slyde.dk\/wp-content\/uploads\/2025\/10\/DEKO_TEST_3-150x150.jpg 150w, https:\/\/inprint.host9.slyde.dk\/wp-content\/uploads\/2025\/10\/DEKO_TEST_3-768x768.jpg 768w\" sizes=\"(max-width: 800px) 100vw, 800px\" \/>\t\t\t\t\t\t\t\t\t\t\t\t\t\t\t<\/div>\n\t\t\t\t<\/div>\n\t\t\t\t\t<\/div>\n\t\t\t\t<\/div>\n\t\t<div class=\"elementor-element elementor-element-3361011 e-flex e-con-boxed e-con e-parent\" data-id=\"3361011\" data-element_type=\"container\" data-settings=\"{&quot;background_background&quot;:&quot;classic&quot;,&quot;_ha_eqh_enable&quot;:false}\">\n\t\t\t\t\t<div class=\"e-con-inner\">\n\t\t\t\t<div class=\"elementor-element elementor-element-b9cc293 elementor-widget elementor-widget-heading\" data-id=\"b9cc293\" data-element_type=\"widget\" data-widget_type=\"heading.default\">\n\t\t\t\t\t<h2 class=\"elementor-heading-title elementor-size-default\">Livet er for kort til kedelige l\u00f8sninger<\/h2>\t\t\t\t<\/div>\n\t\t\t\t\t<\/div>\n\t\t\t\t<\/div>\n\t\t<div class=\"elementor-element elementor-element-4c34b90 e-flex e-con-boxed e-con e-parent\" data-id=\"4c34b90\" data-element_type=\"container\" data-settings=\"{&quot;_ha_eqh_enable&quot;:false}\">\n\t\t\t\t\t<div class=\"e-con-inner\">\n\t\t<div class=\"elementor-element elementor-element-0520716 e-con-full e-flex e-con e-child\" data-id=\"0520716\" data-element_type=\"container\" data-settings=\"{&quot;_ha_eqh_enable&quot;:false}\">\n\t\t\t\t<div class=\"elementor-element elementor-element-1989b2a elementor-widget__width-initial elementor-widget elementor-widget-image\" data-id=\"1989b2a\" data-element_type=\"widget\" data-widget_type=\"image.default\">\n\t\t\t\t\t\t\t\t\t\t\t\t\t\t\t<img fetchpriority=\"high\" decoding=\"async\" width=\"800\" height=\"800\" src=\"https:\/\/inprint.host9.slyde.dk\/wp-content\/uploads\/2025\/10\/DEKO_TEST_3.jpg\" class=\"attachment-large size-large wp-image-521\" alt=\"\" srcset=\"https:\/\/inprint.host9.slyde.dk\/wp-content\/uploads\/2025\/10\/DEKO_TEST_3.jpg 800w, https:\/\/inprint.host9.slyde.dk\/wp-content\/uploads\/2025\/10\/DEKO_TEST_3-300x300.jpg 300w, https:\/\/inprint.host9.slyde.dk\/wp-content\/uploads\/2025\/10\/DEKO_TEST_3-150x150.jpg 150w, https:\/\/inprint.host9.slyde.dk\/wp-content\/uploads\/2025\/10\/DEKO_TEST_3-768x768.jpg 768w\" sizes=\"(max-width: 800px) 100vw, 800px\" \/>\t\t\t\t\t\t\t\t\t\t\t\t\t\t\t<\/div>\n\t\t\t\t<\/div>\n\t\t<div class=\"elementor-element elementor-element-f1c62dd e-con-full e-flex e-con e-child\" data-id=\"f1c62dd\" data-element_type=\"container\" data-settings=\"{&quot;_ha_eqh_enable&quot;:false}\">\n\t\t\t\t<div class=\"elementor-element elementor-element-888788c elementor-widget elementor-widget-heading\" data-id=\"888788c\" data-element_type=\"widget\" data-widget_type=\"heading.default\">\n\t\t\t\t\t<h2 class=\"elementor-heading-title elementor-size-default\">Derfor v\u00e6lger brands os som partner<\/h2>\t\t\t\t<\/div>\n\t\t\t\t<div class=\"elementor-element elementor-element-f83d4d0 elementor-widget elementor-widget-text-editor\" data-id=\"f83d4d0\" data-element_type=\"widget\" data-widget_type=\"text-editor.default\">\n\t\t\t\t\t\t\t\t\t<p><b>Vi forst\u00e5r design<\/b><br \/>og oms\u00e6tter det til virkelighed uden at g\u00e5 p\u00e5 kompromis.<\/p><p><b>Vi t\u00e6nker helhed<\/b><br \/>fra id\u00e9 og materialevalg til montage og drift.<\/p><p><b>Vi leverer i skala<\/b><br \/>ensartede l\u00f8sninger p\u00e5 tv\u00e6rs af lokationer.<\/p><p><b>Vi sikrer kontrol<\/b><br \/>med egne mont\u00f8rer, datadrevet planl\u00e6gning og fotodokumentation.<\/p><p><b>Vi tager ansvar<\/b><br \/>for kvalitet, deadlines og detaljerne, der g\u00f8r forskellen.<\/p>\t\t\t\t\t\t\t\t<\/div>\n\t\t\t\t<\/div>\n\t\t\t\t\t<\/div>\n\t\t\t\t<\/div>\n\t\t<div class=\"elementor-element elementor-element-103432b e-flex e-con-boxed e-con e-parent\" data-id=\"103432b\" data-element_type=\"container\" data-settings=\"{&quot;background_background&quot;:&quot;classic&quot;,&quot;_ha_eqh_enable&quot;:false}\">\n\t\t\t\t\t<div class=\"e-con-inner\">\n\t\t\t\t<div class=\"elementor-element elementor-element-67782ab elementor-widget elementor-widget-heading\" data-id=\"67782ab\" data-element_type=\"widget\" data-widget_type=\"heading.default\">\n\t\t\t\t\t<h2 class=\"elementor-heading-title elementor-size-default\">Vi f\u00e5r det til at ske<\/h2>\t\t\t\t<\/div>\n\t\t\t\t<div class=\"elementor-element elementor-element-002a6f5 elementor-widget elementor-widget-text-editor\" data-id=\"002a6f5\" data-element_type=\"widget\" data-widget_type=\"text-editor.default\">\n\t\t\t\t\t\t\t\t\t<p>Uanset om du skal lancere et nyt butikskoncept, styrke dit brandunivers eller aktivere en kampagne, hj\u00e6lper vi dig hele vejen fra id\u00e9 til f\u00e6rdig l\u00f8sning.<br \/>Sammen g\u00f8r vi dit brand synligt \u2013 p\u00e5 den m\u00e5de, det fortjener.<\/p>\t\t\t\t\t\t\t\t<\/div>\n\t\t\t\t<div class=\"elementor-element elementor-element-57856d6 elementor-widget elementor-widget-heading\" data-id=\"57856d6\" data-element_type=\"widget\" data-widget_type=\"heading.default\">\n\t\t\t\t\t<h2 class=\"elementor-heading-title elementor-size-default\">We make shit happen.<\/h2>\t\t\t\t<\/div>\n\t\t\t\t\t<\/div>\n\t\t\t\t<\/div>\n\t\t<div class=\"elementor-element elementor-element-6acbc4b4 e-flex e-con-boxed e-con e-parent\" data-id=\"6acbc4b4\" data-element_type=\"container\" data-settings=\"{&quot;background_background&quot;:&quot;classic&quot;,&quot;_ha_eqh_enable&quot;:false}\">\n\t\t\t\t\t<div class=\"e-con-inner\">\n\t\t<div class=\"elementor-element elementor-element-267b8649 e-con-full e-flex e-con e-child\" data-id=\"267b8649\" data-element_type=\"container\" data-settings=\"{&quot;_ha_eqh_enable&quot;:false}\">\n\t\t<div class=\"elementor-element elementor-element-6eb89de8 e-con-full e-flex e-con e-child\" data-id=\"6eb89de8\" data-element_type=\"container\" data-settings=\"{&quot;_ha_eqh_enable&quot;:false}\">\n\t\t\t\t<div class=\"elementor-element elementor-element-6ec308ad elementor-widget elementor-widget-heading\" data-id=\"6ec308ad\" data-element_type=\"widget\" data-widget_type=\"heading.default\">\n\t\t\t\t\t<h2 class=\"elementor-heading-title elementor-size-default\">Vi deler id\u00e9er fra virkeligheden<\/h2>\t\t\t\t<\/div>\n\t\t\t\t<div class=\"elementor-element elementor-element-7d71a94b elementor-widget__width-initial elementor-widget elementor-widget-text-editor\" data-id=\"7d71a94b\" data-element_type=\"widget\" data-widget_type=\"text-editor.default\">\n\t\t\t\t\t\t\t\t\tHos InPrint deler vi cases, id\u00e9er og eksempler p\u00e5, hvordan kreative materialer og l\u00f8sninger skaber synlighed og effekt i praksis.\n<br><br>\nEt nyhedsbrev, der m\u00e5ske s\u00e6tter gang i dit n\u00e6ste projekt.\n<span style=\"letter-spacing: -0.3px;\"><br>Tilmeld dig og bliv inspireret af hvordan <b>WE MAKE SHIT HAPPEN<\/b><\/span>\t\t\t\t\t\t\t\t<\/div>\n\t\t\t\t<\/div>\n\t\t\t\t<\/div>\n\t\t<div class=\"elementor-element elementor-element-3f0cb0f2 e-con-full e-flex e-con e-child\" data-id=\"3f0cb0f2\" data-element_type=\"container\" data-settings=\"{&quot;_ha_eqh_enable&quot;:false}\">\n\t\t<div class=\"elementor-element elementor-element-398f8ca6 e-con-full e-flex e-con e-child\" data-id=\"398f8ca6\" data-element_type=\"container\" data-settings=\"{&quot;_ha_eqh_enable&quot;:false}\">\n\t\t<div class=\"elementor-element elementor-element-2bcf3111 e-con-full e-flex e-con e-child\" data-id=\"2bcf3111\" data-element_type=\"container\" data-settings=\"{&quot;_ha_eqh_enable&quot;:false}\">\n\t\t\t\t<div class=\"elementor-element elementor-element-c040793 elementor-button-align-stretch elementor-widget elementor-widget-form\" data-id=\"c040793\" data-element_type=\"widget\" data-settings=\"{&quot;step_next_label&quot;:&quot;Next&quot;,&quot;step_previous_label&quot;:&quot;Previous&quot;,&quot;button_width&quot;:&quot;100&quot;,&quot;step_type&quot;:&quot;number_text&quot;,&quot;step_icon_shape&quot;:&quot;circle&quot;}\" data-widget_type=\"form.default\">\n\t\t\t\t\t\t\t<form class=\"elementor-form\" method=\"post\" name=\"New Form\" aria-label=\"New Form\">\n\t\t\t<input type=\"hidden\" name=\"post_id\" value=\"891\"\/>\n\t\t\t<input type=\"hidden\" name=\"form_id\" value=\"c040793\"\/>\n\t\t\t<input type=\"hidden\" name=\"referer_title\" value=\"Synligg\u00f8r dit brand\" \/>\n\n\t\t\t\t\t\t\t<input type=\"hidden\" name=\"queried_id\" value=\"891\"\/>\n\t\t\t\n\t\t\t<div class=\"elementor-form-fields-wrapper elementor-labels-\">\n\t\t\t\t\t\t\t\t<div class=\"elementor-field-type-text elementor-field-group elementor-column elementor-field-group-name elementor-col-100\">\n\t\t\t\t\t\t\t\t\t\t\t\t<label for=\"form-field-name\" class=\"elementor-field-label elementor-screen-only\">\n\t\t\t\t\t\t\t\tName\t\t\t\t\t\t\t<\/label>\n\t\t\t\t\t\t\t\t\t\t\t\t\t\t<input size=\"1\" type=\"text\" name=\"form_fields[name]\" id=\"form-field-name\" class=\"elementor-field elementor-size-lg  elementor-field-textual\" placeholder=\"Name\">\n\t\t\t\t\t\t\t\t\t\t\t<\/div>\n\t\t\t\t\t\t\t\t<div class=\"elementor-field-type-text elementor-field-group elementor-column elementor-field-group-field_a66da9e elementor-col-100\">\n\t\t\t\t\t\t\t\t\t\t\t\t<label for=\"form-field-field_a66da9e\" class=\"elementor-field-label elementor-screen-only\">\n\t\t\t\t\t\t\t\tVirksomhed\t\t\t\t\t\t\t<\/label>\n\t\t\t\t\t\t\t\t\t\t\t\t\t\t<input size=\"1\" type=\"text\" name=\"form_fields[field_a66da9e]\" id=\"form-field-field_a66da9e\" class=\"elementor-field elementor-size-lg  elementor-field-textual\" placeholder=\"Virksomhed\">\n\t\t\t\t\t\t\t\t\t\t\t<\/div>\n\t\t\t\t\t\t\t\t<div class=\"elementor-field-type-text elementor-field-group elementor-column elementor-field-group-field_e657720 elementor-col-100\">\n\t\t\t\t\t\t\t\t\t\t\t\t<label for=\"form-field-field_e657720\" class=\"elementor-field-label elementor-screen-only\">\n\t\t\t\t\t\t\t\tTitel\t\t\t\t\t\t\t<\/label>\n\t\t\t\t\t\t\t\t\t\t\t\t\t\t<input size=\"1\" type=\"text\" name=\"form_fields[field_e657720]\" id=\"form-field-field_e657720\" class=\"elementor-field elementor-size-lg  elementor-field-textual\" placeholder=\"Titel\">\n\t\t\t\t\t\t\t\t\t\t\t<\/div>\n\t\t\t\t\t\t\t\t<div class=\"elementor-field-type-email elementor-field-group elementor-column elementor-field-group-email elementor-col-100 elementor-field-required\">\n\t\t\t\t\t\t\t\t\t\t\t\t<label for=\"form-field-email\" class=\"elementor-field-label elementor-screen-only\">\n\t\t\t\t\t\t\t\tEmail\t\t\t\t\t\t\t<\/label>\n\t\t\t\t\t\t\t\t\t\t\t\t\t\t<input size=\"1\" type=\"email\" name=\"form_fields[email]\" id=\"form-field-email\" class=\"elementor-field elementor-size-lg  elementor-field-textual\" placeholder=\"Email\" required=\"required\">\n\t\t\t\t\t\t\t\t\t\t\t<\/div>\n\t\t\t\t\t\t\t\t<div class=\"elementor-field-group elementor-column elementor-field-type-submit elementor-col-100 e-form__buttons\">\n\t\t\t\t\t<button class=\"elementor-button elementor-size-lg\" type=\"submit\">\n\t\t\t\t\t\t<span class=\"elementor-button-content-wrapper\">\n\t\t\t\t\t\t\t\t\t\t\t\t\t\t\t\t\t\t\t\t\t\t<span class=\"elementor-button-text\">Send<\/span>\n\t\t\t\t\t\t\t\t\t\t\t\t\t<\/span>\n\t\t\t\t\t<\/button>\n\t\t\t\t<\/div>\n\t\t\t<\/div>\n\t\t<\/form>\n\t\t\t\t\t\t<\/div>\n\t\t<div class=\"elementor-element elementor-element-6080a0f2 e-con-full e-flex e-con e-child\" data-id=\"6080a0f2\" data-element_type=\"container\" data-settings=\"{&quot;_ha_eqh_enable&quot;:false}\">\n\t\t\t\t<div class=\"elementor-element elementor-element-712a1976 elementor-view-default elementor-widget elementor-widget-icon\" data-id=\"712a1976\" data-element_type=\"widget\" data-widget_type=\"icon.default\">\n\t\t\t\t\t\t\t<div class=\"elementor-icon-wrapper\">\n\t\t\t<div class=\"elementor-icon\">\n\t\t\t<svg aria-hidden=\"true\" class=\"e-font-icon-svg e-far-circle\" viewBox=\"0 0 512 512\" xmlns=\"http:\/\/www.w3.org\/2000\/svg\"><path d=\"M256 8C119 8 8 119 8 256s111 248 248 248 248-111 248-248S393 8 256 8zm0 448c-110.5 0-200-89.5-200-200S145.5 56 256 56s200 89.5 200 200-89.5 200-200 200z\"><\/path><\/svg>\t\t\t<\/div>\n\t\t<\/div>\n\t\t\t\t\t\t<\/div>\n\t\t\t\t<div class=\"elementor-element elementor-element-240bdf55 elementor-widget elementor-widget-text-editor\" data-id=\"240bdf55\" data-element_type=\"widget\" data-widget_type=\"text-editor.default\">\n\t\t\t\t\t\t\t\t\t<p>Ved tilmelding accepterer jeg at modtage nyhedsbreve og invitationer fra InPrint<\/p>\t\t\t\t\t\t\t\t<\/div>\n\t\t\t\t<\/div>\n\t\t\t\t<\/div>\n\t\t\t\t<\/div>\n\t\t\t\t<\/div>\n\t\t\t\t\t<\/div>\n\t\t\t\t<\/div>\n\t\t\t\t<\/div>\n\t\t","protected":false},"excerpt":{"rendered":"<p>Synligg\u00f8r dit brand Fra strategi til synlighed \u2013 vi f\u00e5r det til at ske Et st\u00e6rkt brand skal ikke kun ses \u2013 det skal m\u00e6rkes. Hos InPrint hj\u00e6lper vi virksomheder og retailk\u00e6der med at bringe deres brand til live i den fysiske verden.Vi tager udgangspunkt i jeres brand, designmanual og m\u00e5l \u2013 og oms\u00e6tter dem [&hellip;]<\/p>\n","protected":false},"author":2,"featured_media":0,"parent":0,"menu_order":0,"comment_status":"closed","ping_status":"closed","template":"","meta":{"footnotes":""},"class_list":["post-891","page","type-page","status-publish","hentry"],"_links":{"self":[{"href":"https:\/\/inprint.host9.slyde.dk\/index.php?rest_route=\/wp\/v2\/pages\/891","targetHints":{"allow":["GET"]}}],"collection":[{"href":"https:\/\/inprint.host9.slyde.dk\/index.php?rest_route=\/wp\/v2\/pages"}],"about":[{"href":"https:\/\/inprint.host9.slyde.dk\/index.php?rest_route=\/wp\/v2\/types\/page"}],"author":[{"embeddable":true,"href":"https:\/\/inprint.host9.slyde.dk\/index.php?rest_route=\/wp\/v2\/users\/2"}],"replies":[{"embeddable":true,"href":"https:\/\/inprint.host9.slyde.dk\/index.php?rest_route=%2Fwp%2Fv2%2Fcomments&post=891"}],"version-history":[{"count":13,"href":"https:\/\/inprint.host9.slyde.dk\/index.php?rest_route=\/wp\/v2\/pages\/891\/revisions"}],"predecessor-version":[{"id":1055,"href":"https:\/\/inprint.host9.slyde.dk\/index.php?rest_route=\/wp\/v2\/pages\/891\/revisions\/1055"}],"wp:attachment":[{"href":"https:\/\/inprint.host9.slyde.dk\/index.php?rest_route=%2Fwp%2Fv2%2Fmedia&parent=891"}],"curies":[{"name":"wp","href":"https:\/\/api.w.org\/{rel}","templated":true}]}}