{"id":744,"date":"2025-11-15T08:57:48","date_gmt":"2025-11-15T08:57:48","guid":{"rendered":"https:\/\/inprint.host9.slyde.dk\/?page_id=744"},"modified":"2025-11-16T17:13:14","modified_gmt":"2025-11-16T17:13:14","slug":"services-2","status":"publish","type":"page","link":"https:\/\/inprint.host9.slyde.dk\/?page_id=744","title":{"rendered":"Services"},"content":{"rendered":"\t\t<div data-elementor-type=\"wp-page\" data-elementor-id=\"744\" class=\"elementor elementor-744\" data-elementor-settings=\"{&quot;ha_cmc_init_switcher&quot;:&quot;no&quot;}\" data-elementor-post-type=\"page\">\n\t\t\t\t<div class=\"elementor-element elementor-element-4c2f717 e-flex e-con-boxed e-con e-parent\" data-id=\"4c2f717\" data-element_type=\"container\" data-settings=\"{&quot;background_background&quot;:&quot;classic&quot;,&quot;_ha_eqh_enable&quot;:false}\">\n\t\t\t\t\t<div class=\"e-con-inner\">\n\t\t<div class=\"elementor-element elementor-element-2660e1a e-con-full e-flex e-con e-child\" data-id=\"2660e1a\" data-element_type=\"container\" data-settings=\"{&quot;_ha_eqh_enable&quot;:false}\">\n\t\t\t\t<div class=\"elementor-element elementor-element-fb86349 elementor-widget elementor-widget-heading\" data-id=\"fb86349\" data-element_type=\"widget\" data-widget_type=\"heading.default\">\n\t\t\t\t\t<h2 class=\"elementor-heading-title elementor-size-default\">Services<\/h2>\t\t\t\t<\/div>\n\t\t\t\t<div class=\"elementor-element elementor-element-fb743ed elementor-widget-divider--view-line elementor-widget elementor-widget-divider\" data-id=\"fb743ed\" data-element_type=\"widget\" data-widget_type=\"divider.default\">\n\t\t\t\t\t\t\t<div class=\"elementor-divider\">\n\t\t\t<span class=\"elementor-divider-separator\">\n\t\t\t\t\t\t<\/span>\n\t\t<\/div>\n\t\t\t\t\t\t<\/div>\n\t\t\t\t<\/div>\n\t\t\t\t\t<\/div>\n\t\t\t\t<\/div>\n\t\t<div class=\"elementor-element elementor-element-c7d03db e-flex e-con-boxed e-con e-parent\" data-id=\"c7d03db\" data-element_type=\"container\" data-settings=\"{&quot;background_background&quot;:&quot;classic&quot;,&quot;_ha_eqh_enable&quot;:&quot;yes&quot;,&quot;_ha_eqh_widget&quot;:[&quot;heading&quot;,&quot;text-editor&quot;],&quot;_ha_eqh_to&quot;:&quot;widget&quot;,&quot;_ha_eqh_disable_on_tablet&quot;:&quot;no&quot;,&quot;_ha_eqh_disable_on_mobile&quot;:&quot;yes&quot;}\">\n\t\t\t\t\t<div class=\"e-con-inner\">\n\t\t<div class=\"elementor-element elementor-element-815b6dd e-con-full e-flex e-con e-child\" data-id=\"815b6dd\" data-element_type=\"container\">\n\t\t<div class=\"elementor-element elementor-element-26e3e61 e-con-full e-flex e-con e-child\" data-id=\"26e3e61\" data-element_type=\"container\" data-settings=\"{&quot;background_background&quot;:&quot;classic&quot;,&quot;_ha_eqh_enable&quot;:false}\">\n\t\t\t\t<\/div>\n\t\t<div class=\"elementor-element elementor-element-5040916 e-con-full e-flex e-con e-child\" data-id=\"5040916\" data-element_type=\"container\" data-settings=\"{&quot;background_background&quot;:&quot;classic&quot;}\">\n\t\t\t\t<div class=\"elementor-element elementor-element-1b19dde elementor-widget elementor-widget-heading\" data-id=\"1b19dde\" data-element_type=\"widget\" data-widget_type=\"heading.default\">\n\t\t\t\t\t<h2 class=\"elementor-heading-title elementor-size-default\">Butiksindretning<\/h2>\t\t\t\t<\/div>\n\t\t\t\t<div class=\"elementor-element elementor-element-f1e69c7 elementor-widget elementor-widget-text-editor\" data-id=\"f1e69c7\" data-element_type=\"widget\" data-widget_type=\"text-editor.default\">\n\t\t\t\t\t\t\t\t\t<p>Vi hj\u00e6lper k\u00e6der og butikker med at skabe inspirerende, funktionelle rum, der styrker salget.<br \/>Fra opm\u00e5ling og designforslag til produktion og montering \u2013 vi st\u00e5r for det hele.<br \/>Med egne mont\u00f8rer og alt samlet under \u00e9t tag f\u00e5r du en f\u00e6rdig l\u00f8sning, der virker fra dag \u00e9t.<\/p>\t\t\t\t\t\t\t\t<\/div>\n\t\t\t\t<\/div>\n\t\t\t\t<\/div>\n\t\t<div class=\"elementor-element elementor-element-02db143 e-con-full e-flex e-con e-child\" data-id=\"02db143\" data-element_type=\"container\" data-settings=\"{&quot;_ha_eqh_enable&quot;:false}\">\n\t\t<div class=\"elementor-element elementor-element-234466a e-con-full e-flex e-con e-child\" data-id=\"234466a\" data-element_type=\"container\" data-settings=\"{&quot;background_background&quot;:&quot;classic&quot;,&quot;_ha_eqh_enable&quot;:false}\">\n\t\t\t\t<\/div>\n\t\t<div class=\"elementor-element elementor-element-2f74fa1 e-con-full e-flex e-con e-child\" data-id=\"2f74fa1\" data-element_type=\"container\" data-settings=\"{&quot;background_background&quot;:&quot;classic&quot;}\">\n\t\t\t\t<div class=\"elementor-element elementor-element-d62383b elementor-widget elementor-widget-heading\" data-id=\"d62383b\" data-element_type=\"widget\" data-widget_type=\"heading.default\">\n\t\t\t\t\t<h2 class=\"elementor-heading-title elementor-size-default\">Butikskampagner<\/h2>\t\t\t\t<\/div>\n\t\t\t\t<div class=\"elementor-element elementor-element-0a87f9e elementor-widget elementor-widget-text-editor\" data-id=\"0a87f9e\" data-element_type=\"widget\" data-widget_type=\"text-editor.default\">\n\t\t\t\t\t\t\t\t\t<p>Skal du lancere en ny kampagne eller skabe liv i butikken?<br \/>Vi designer, producerer og pakker komplette kampagne-kits, s\u00e5 alt rammer rigtigt \u2013 og til tiden.<br \/>Vores eget team st\u00e5r klar til at montere materialerne, s\u00e5 din kampagne spiller fra dag \u00e9t.<\/p>\t\t\t\t\t\t\t\t<\/div>\n\t\t\t\t<\/div>\n\t\t\t\t<\/div>\n\t\t<div class=\"elementor-element elementor-element-a6bfbb4 e-con-full e-flex e-con e-child\" data-id=\"a6bfbb4\" data-element_type=\"container\" data-settings=\"{&quot;_ha_eqh_enable&quot;:false}\">\n\t\t<div class=\"elementor-element elementor-element-8d7083d e-con-full e-flex e-con e-child\" data-id=\"8d7083d\" data-element_type=\"container\" data-settings=\"{&quot;background_background&quot;:&quot;classic&quot;,&quot;_ha_eqh_enable&quot;:false}\">\n\t\t\t\t<\/div>\n\t\t<div class=\"elementor-element elementor-element-2f27d40 e-con-full e-flex e-con e-child\" data-id=\"2f27d40\" data-element_type=\"container\" data-settings=\"{&quot;background_background&quot;:&quot;classic&quot;,&quot;_ha_eqh_enable&quot;:false}\">\n\t\t\t\t<div class=\"elementor-element elementor-element-0bcc155 elementor-widget elementor-widget-heading\" data-id=\"0bcc155\" data-element_type=\"widget\" data-widget_type=\"heading.default\">\n\t\t\t\t\t<h2 class=\"elementor-heading-title elementor-size-default\">Specialproduktioner<\/h2>\t\t\t\t<\/div>\n\t\t\t\t<div class=\"elementor-element elementor-element-23dbf00 elementor-widget elementor-widget-text-editor\" data-id=\"23dbf00\" data-element_type=\"widget\" data-widget_type=\"text-editor.default\">\n\t\t\t\t\t\t\t\t\t<p>N\u00e5r standard ikke er nok, bygger vi det, du dr\u00f8mmer om.<br \/>Store 3D-objekter, lysinstallationer, unikke displays og rekvisitter \u2013 alt kan lade sig g\u00f8re.<br \/>Vi fr\u00e6ser, former og f\u00e6rdigg\u00f8r in-house, s\u00e5 du f\u00e5r kvalitet, tempo og wow-effekt.<\/p>\t\t\t\t\t\t\t\t<\/div>\n\t\t\t\t<\/div>\n\t\t\t\t<\/div>\n\t\t<div class=\"elementor-element elementor-element-ebd0809 e-con-full e-flex e-con e-child\" data-id=\"ebd0809\" data-element_type=\"container\" data-settings=\"{&quot;_ha_eqh_enable&quot;:false}\">\n\t\t<div class=\"elementor-element elementor-element-76e90bd e-con-full e-flex e-con e-child\" data-id=\"76e90bd\" data-element_type=\"container\" data-settings=\"{&quot;background_background&quot;:&quot;classic&quot;,&quot;_ha_eqh_enable&quot;:false}\">\n\t\t\t\t<\/div>\n\t\t<div class=\"elementor-element elementor-element-709211d e-con-full e-flex e-con e-child\" data-id=\"709211d\" data-element_type=\"container\" data-settings=\"{&quot;background_background&quot;:&quot;classic&quot;,&quot;_ha_eqh_enable&quot;:false}\">\n\t\t\t\t<div class=\"elementor-element elementor-element-adfad15 elementor-widget elementor-widget-heading\" data-id=\"adfad15\" data-element_type=\"widget\" data-widget_type=\"heading.default\">\n\t\t\t\t\t<h2 class=\"elementor-heading-title elementor-size-default\">Brand- og domicil<\/h2>\t\t\t\t<\/div>\n\t\t\t\t<div class=\"elementor-element elementor-element-9e192c8 elementor-widget elementor-widget-text-editor\" data-id=\"9e192c8\" data-element_type=\"widget\" data-widget_type=\"text-editor.default\">\n\t\t\t\t\t\t\t\t\t<p>G\u00f8r dit hovedkontor, showroom eller kontormilj\u00f8 til en forl\u00e6ngelse af dit brand.<br \/>Vi udvikler visuelle l\u00f8sninger, der kombinerer design, funktion og stemning.<br \/>Fra v\u00e6gdekoration og foliering til store logo-installationer \u2013 vi skaber et udtryk, der m\u00e6rkes.<\/p>\t\t\t\t\t\t\t\t<\/div>\n\t\t\t\t<\/div>\n\t\t\t\t<\/div>\n\t\t<div class=\"elementor-element elementor-element-84f1f34 e-con-full e-flex e-con e-child\" data-id=\"84f1f34\" data-element_type=\"container\" data-settings=\"{&quot;_ha_eqh_enable&quot;:false}\">\n\t\t<div class=\"elementor-element elementor-element-4be3c2a e-con-full e-flex e-con e-child\" data-id=\"4be3c2a\" data-element_type=\"container\" data-settings=\"{&quot;background_background&quot;:&quot;classic&quot;,&quot;_ha_eqh_enable&quot;:false}\">\n\t\t\t\t<\/div>\n\t\t<div class=\"elementor-element elementor-element-59f9db2 e-con-full e-flex e-con e-child\" data-id=\"59f9db2\" data-element_type=\"container\" data-settings=\"{&quot;background_background&quot;:&quot;classic&quot;,&quot;_ha_eqh_enable&quot;:false}\">\n\t\t\t\t<div class=\"elementor-element elementor-element-05de002 elementor-widget elementor-widget-heading\" data-id=\"05de002\" data-element_type=\"widget\" data-widget_type=\"heading.default\">\n\t\t\t\t\t<h2 class=\"elementor-heading-title elementor-size-default\">Messer og events<\/h2>\t\t\t\t<\/div>\n\t\t\t\t<div class=\"elementor-element elementor-element-3d5d6cc elementor-widget elementor-widget-text-editor\" data-id=\"3d5d6cc\" data-element_type=\"widget\" data-widget_type=\"text-editor.default\">\n\t\t\t\t\t\t\t\t\t<p>Vi bygger messestande og events, der tiltr\u00e6kker opm\u00e6rksomhed og g\u00f8r indtryk.<br \/>Fra id\u00e9 og koncept til ops\u00e6tning, bemanding og nedtagning \u2013 vi klarer det hele.<br \/>Resultatet? En oplevelse, der s\u00e6tter dit brand i centrum \u2013 og huskes l\u00e6nge efter.<\/p>\t\t\t\t\t\t\t\t<\/div>\n\t\t\t\t<\/div>\n\t\t\t\t<\/div>\n\t\t<div class=\"elementor-element elementor-element-24fb2cd e-con-full e-flex e-con e-child\" data-id=\"24fb2cd\" data-element_type=\"container\" data-settings=\"{&quot;_ha_eqh_enable&quot;:false}\">\n\t\t<div class=\"elementor-element elementor-element-0c466a0 e-con-full e-flex e-con e-child\" data-id=\"0c466a0\" data-element_type=\"container\" data-settings=\"{&quot;background_background&quot;:&quot;classic&quot;,&quot;_ha_eqh_enable&quot;:false}\">\n\t\t\t\t<\/div>\n\t\t<div class=\"elementor-element elementor-element-0c7fca4 e-con-full e-flex e-con e-child\" data-id=\"0c7fca4\" data-element_type=\"container\" data-settings=\"{&quot;background_background&quot;:&quot;classic&quot;,&quot;_ha_eqh_enable&quot;:false}\">\n\t\t\t\t<div class=\"elementor-element elementor-element-29599e5 elementor-widget elementor-widget-heading\" data-id=\"29599e5\" data-element_type=\"widget\" data-widget_type=\"heading.default\">\n\t\t\t\t\t<h2 class=\"elementor-heading-title elementor-size-default\">Skilte og facadeprojekter<\/h2>\t\t\t\t<\/div>\n\t\t\t\t<div class=\"elementor-element elementor-element-a160330 elementor-widget elementor-widget-text-editor\" data-id=\"a160330\" data-element_type=\"widget\" data-widget_type=\"text-editor.default\">\n\t\t\t\t\t\t\t\t\t<p>Vi f\u00e5r dit brand til at skinne \u2013 dag og nat.<br \/>Fra facadeskilte og pyloner til LED-l\u00f8sninger og specialdesigns.<br \/>Alt produceres og monteres af vores egne folk, s\u00e5 du f\u00e5r et skarpt og holdbart resultat.<\/p>\t\t\t\t\t\t\t\t<\/div>\n\t\t\t\t<\/div>\n\t\t\t\t<\/div>\n\t\t<div class=\"elementor-element elementor-element-1264d40 e-con-full e-flex e-con e-child\" data-id=\"1264d40\" data-element_type=\"container\" data-settings=\"{&quot;_ha_eqh_enable&quot;:false}\">\n\t\t<div class=\"elementor-element elementor-element-c9cf35b e-con-full e-flex e-con e-child\" data-id=\"c9cf35b\" data-element_type=\"container\" data-settings=\"{&quot;background_background&quot;:&quot;classic&quot;,&quot;_ha_eqh_enable&quot;:false}\">\n\t\t\t\t<\/div>\n\t\t<div class=\"elementor-element elementor-element-f606745 e-con-full e-flex e-con e-child\" data-id=\"f606745\" data-element_type=\"container\" data-settings=\"{&quot;background_background&quot;:&quot;classic&quot;,&quot;_ha_eqh_enable&quot;:false}\">\n\t\t\t\t<div class=\"elementor-element elementor-element-3313761 elementor-widget elementor-widget-heading\" data-id=\"3313761\" data-element_type=\"widget\" data-widget_type=\"heading.default\">\n\t\t\t\t\t<h2 class=\"elementor-heading-title elementor-size-default\">Transport- og bilreklamer<\/h2>\t\t\t\t<\/div>\n\t\t\t\t<div class=\"elementor-element elementor-element-46c2af0 elementor-widget elementor-widget-text-editor\" data-id=\"46c2af0\" data-element_type=\"widget\" data-widget_type=\"text-editor.default\">\n\t\t\t\t\t\t\t\t\t<p>Lad dit brand rulle ud p\u00e5 vejene.<br \/>Vi designer, producerer og monterer alt fra diskrete logoer til fuld bilindpakning.<br \/>Hurtig levering, perfekt finish og maksimal eksponering \u2013 det er vejen frem.<\/p>\t\t\t\t\t\t\t\t<\/div>\n\t\t\t\t<\/div>\n\t\t\t\t<\/div>\n\t\t<div class=\"elementor-element elementor-element-5ce06ae e-con-full e-flex e-con e-child\" data-id=\"5ce06ae\" data-element_type=\"container\" data-settings=\"{&quot;_ha_eqh_enable&quot;:false}\">\n\t\t<div class=\"elementor-element elementor-element-4f7b30f e-con-full e-flex e-con e-child\" data-id=\"4f7b30f\" data-element_type=\"container\" data-settings=\"{&quot;background_background&quot;:&quot;classic&quot;,&quot;_ha_eqh_enable&quot;:false}\">\n\t\t\t\t<\/div>\n\t\t<div class=\"elementor-element elementor-element-2f5bd47 e-con-full e-flex e-con e-child\" data-id=\"2f5bd47\" data-element_type=\"container\" data-settings=\"{&quot;background_background&quot;:&quot;classic&quot;,&quot;_ha_eqh_enable&quot;:false}\">\n\t\t\t\t<div class=\"elementor-element elementor-element-31f1e4a elementor-widget elementor-widget-heading\" data-id=\"31f1e4a\" data-element_type=\"widget\" data-widget_type=\"heading.default\">\n\t\t\t\t\t<h2 class=\"elementor-heading-title elementor-size-default\">Foliel\u00f8sninger<\/h2>\t\t\t\t<\/div>\n\t\t\t\t<div class=\"elementor-element elementor-element-3fee144 elementor-widget elementor-widget-text-editor\" data-id=\"3fee144\" data-element_type=\"widget\" data-widget_type=\"text-editor.default\">\n\t\t\t\t\t\t\t\t\t<p>Vinduer, v\u00e6gge, gulve \u2013 vi folierer alt, der tr\u00e6nger til et visuelt l\u00f8ft.<br \/>Fra solfilm og frosted-look til store printede budskaber.<br \/>Vores mont\u00f8rer s\u00f8rger for pr\u00e6cision og finish, der holder \u2013 ude som inde.<\/p>\t\t\t\t\t\t\t\t<\/div>\n\t\t\t\t<\/div>\n\t\t\t\t<\/div>\n\t\t<div class=\"elementor-element elementor-element-7f40c04 e-con-full e-flex e-con e-child\" data-id=\"7f40c04\" data-element_type=\"container\" data-settings=\"{&quot;_ha_eqh_enable&quot;:false}\">\n\t\t<div class=\"elementor-element elementor-element-5325749 e-con-full e-flex e-con e-child\" data-id=\"5325749\" data-element_type=\"container\" data-settings=\"{&quot;background_background&quot;:&quot;classic&quot;,&quot;_ha_eqh_enable&quot;:false}\">\n\t\t\t\t<\/div>\n\t\t<div class=\"elementor-element elementor-element-a906f30 e-con-full e-flex e-con e-child\" data-id=\"a906f30\" data-element_type=\"container\" data-settings=\"{&quot;background_background&quot;:&quot;classic&quot;,&quot;_ha_eqh_enable&quot;:false}\">\n\t\t\t\t<div class=\"elementor-element elementor-element-8fdb32e elementor-widget elementor-widget-heading\" data-id=\"8fdb32e\" data-element_type=\"widget\" data-widget_type=\"heading.default\">\n\t\t\t\t\t<h2 class=\"elementor-heading-title elementor-size-default\">Print og tryksager<\/h2>\t\t\t\t<\/div>\n\t\t\t\t<div class=\"elementor-element elementor-element-076f864 elementor-widget elementor-widget-text-editor\" data-id=\"076f864\" data-element_type=\"widget\" data-widget_type=\"text-editor.default\">\n\t\t\t\t\t\t\t\t\t<p>Klassiske tryksager, moderne storformat og alt derimellem.<br \/>Vi trykker med omtanke, pr\u00e6cision og hurtig levering.<br \/>Brochurer, bannere, kataloger og flyers \u2013 det trykte h\u00e5ndv\u00e6rk lever i bedste velg\u00e5ende hos os.<\/p>\t\t\t\t\t\t\t\t<\/div>\n\t\t\t\t<\/div>\n\t\t\t\t<\/div>\n\t\t\t\t\t<\/div>\n\t\t\t\t<\/div>\n\t\t<div class=\"elementor-element elementor-element-6acbc4b4 e-flex e-con-boxed e-con e-parent\" data-id=\"6acbc4b4\" data-element_type=\"container\" data-settings=\"{&quot;background_background&quot;:&quot;classic&quot;,&quot;_ha_eqh_enable&quot;:false}\">\n\t\t\t\t\t<div class=\"e-con-inner\">\n\t\t<div class=\"elementor-element elementor-element-267b8649 e-con-full e-flex e-con e-child\" data-id=\"267b8649\" data-element_type=\"container\" data-settings=\"{&quot;_ha_eqh_enable&quot;:false}\">\n\t\t<div class=\"elementor-element elementor-element-6eb89de8 e-con-full e-flex e-con e-child\" data-id=\"6eb89de8\" data-element_type=\"container\" data-settings=\"{&quot;_ha_eqh_enable&quot;:false}\">\n\t\t\t\t<div class=\"elementor-element elementor-element-6ec308ad elementor-widget elementor-widget-heading\" data-id=\"6ec308ad\" data-element_type=\"widget\" data-widget_type=\"heading.default\">\n\t\t\t\t\t<h2 class=\"elementor-heading-title elementor-size-default\">Vi deler id\u00e9er fra virkeligheden<\/h2>\t\t\t\t<\/div>\n\t\t\t\t<div class=\"elementor-element elementor-element-7d71a94b elementor-widget__width-initial elementor-widget elementor-widget-text-editor\" data-id=\"7d71a94b\" data-element_type=\"widget\" data-widget_type=\"text-editor.default\">\n\t\t\t\t\t\t\t\t\tHos InPrint deler vi cases, id\u00e9er og eksempler p\u00e5, hvordan kreative materialer og l\u00f8sninger skaber synlighed og effekt i praksis.\n<br><br>\nEt nyhedsbrev, der m\u00e5ske s\u00e6tter gang i dit n\u00e6ste projekt.\n<span style=\"letter-spacing: -0.3px;\"><br>Tilmeld dig og bliv inspireret af hvordan <b>WE MAKE SHIT HAPPEN<\/b><\/span>\t\t\t\t\t\t\t\t<\/div>\n\t\t\t\t<\/div>\n\t\t\t\t<\/div>\n\t\t<div class=\"elementor-element elementor-element-3f0cb0f2 e-con-full e-flex e-con e-child\" data-id=\"3f0cb0f2\" data-element_type=\"container\" data-settings=\"{&quot;_ha_eqh_enable&quot;:false}\">\n\t\t<div class=\"elementor-element elementor-element-398f8ca6 e-con-full e-flex e-con e-child\" data-id=\"398f8ca6\" data-element_type=\"container\" data-settings=\"{&quot;_ha_eqh_enable&quot;:false}\">\n\t\t<div class=\"elementor-element elementor-element-2bcf3111 e-con-full e-flex e-con e-child\" data-id=\"2bcf3111\" data-element_type=\"container\" data-settings=\"{&quot;_ha_eqh_enable&quot;:false}\">\n\t\t\t\t<div class=\"elementor-element elementor-element-c040793 elementor-button-align-stretch elementor-widget elementor-widget-form\" data-id=\"c040793\" data-element_type=\"widget\" data-settings=\"{&quot;step_next_label&quot;:&quot;Next&quot;,&quot;step_previous_label&quot;:&quot;Previous&quot;,&quot;button_width&quot;:&quot;100&quot;,&quot;step_type&quot;:&quot;number_text&quot;,&quot;step_icon_shape&quot;:&quot;circle&quot;}\" data-widget_type=\"form.default\">\n\t\t\t\t\t\t\t<form class=\"elementor-form\" method=\"post\" name=\"New Form\" aria-label=\"New Form\">\n\t\t\t<input type=\"hidden\" name=\"post_id\" value=\"744\"\/>\n\t\t\t<input type=\"hidden\" name=\"form_id\" value=\"c040793\"\/>\n\t\t\t<input type=\"hidden\" name=\"referer_title\" value=\"Services\" \/>\n\n\t\t\t\t\t\t\t<input type=\"hidden\" name=\"queried_id\" value=\"744\"\/>\n\t\t\t\n\t\t\t<div class=\"elementor-form-fields-wrapper elementor-labels-\">\n\t\t\t\t\t\t\t\t<div class=\"elementor-field-type-text elementor-field-group elementor-column elementor-field-group-name elementor-col-100\">\n\t\t\t\t\t\t\t\t\t\t\t\t<label for=\"form-field-name\" class=\"elementor-field-label elementor-screen-only\">\n\t\t\t\t\t\t\t\tName\t\t\t\t\t\t\t<\/label>\n\t\t\t\t\t\t\t\t\t\t\t\t\t\t<input size=\"1\" type=\"text\" name=\"form_fields[name]\" id=\"form-field-name\" class=\"elementor-field elementor-size-lg  elementor-field-textual\" placeholder=\"Name\">\n\t\t\t\t\t\t\t\t\t\t\t<\/div>\n\t\t\t\t\t\t\t\t<div class=\"elementor-field-type-text elementor-field-group elementor-column elementor-field-group-field_a66da9e elementor-col-100\">\n\t\t\t\t\t\t\t\t\t\t\t\t<label for=\"form-field-field_a66da9e\" class=\"elementor-field-label elementor-screen-only\">\n\t\t\t\t\t\t\t\tVirksomhed\t\t\t\t\t\t\t<\/label>\n\t\t\t\t\t\t\t\t\t\t\t\t\t\t<input size=\"1\" type=\"text\" name=\"form_fields[field_a66da9e]\" id=\"form-field-field_a66da9e\" class=\"elementor-field elementor-size-lg  elementor-field-textual\" placeholder=\"Virksomhed\">\n\t\t\t\t\t\t\t\t\t\t\t<\/div>\n\t\t\t\t\t\t\t\t<div class=\"elementor-field-type-text elementor-field-group elementor-column elementor-field-group-field_e657720 elementor-col-100\">\n\t\t\t\t\t\t\t\t\t\t\t\t<label for=\"form-field-field_e657720\" class=\"elementor-field-label elementor-screen-only\">\n\t\t\t\t\t\t\t\tTitel\t\t\t\t\t\t\t<\/label>\n\t\t\t\t\t\t\t\t\t\t\t\t\t\t<input size=\"1\" type=\"text\" name=\"form_fields[field_e657720]\" id=\"form-field-field_e657720\" class=\"elementor-field elementor-size-lg  elementor-field-textual\" placeholder=\"Titel\">\n\t\t\t\t\t\t\t\t\t\t\t<\/div>\n\t\t\t\t\t\t\t\t<div class=\"elementor-field-type-email elementor-field-group elementor-column elementor-field-group-email elementor-col-100 elementor-field-required\">\n\t\t\t\t\t\t\t\t\t\t\t\t<label for=\"form-field-email\" class=\"elementor-field-label elementor-screen-only\">\n\t\t\t\t\t\t\t\tEmail\t\t\t\t\t\t\t<\/label>\n\t\t\t\t\t\t\t\t\t\t\t\t\t\t<input size=\"1\" type=\"email\" name=\"form_fields[email]\" id=\"form-field-email\" class=\"elementor-field elementor-size-lg  elementor-field-textual\" placeholder=\"Email\" required=\"required\">\n\t\t\t\t\t\t\t\t\t\t\t<\/div>\n\t\t\t\t\t\t\t\t<div class=\"elementor-field-group elementor-column elementor-field-type-submit elementor-col-100 e-form__buttons\">\n\t\t\t\t\t<button class=\"elementor-button elementor-size-lg\" type=\"submit\">\n\t\t\t\t\t\t<span class=\"elementor-button-content-wrapper\">\n\t\t\t\t\t\t\t\t\t\t\t\t\t\t\t\t\t\t\t\t\t\t<span class=\"elementor-button-text\">Send<\/span>\n\t\t\t\t\t\t\t\t\t\t\t\t\t<\/span>\n\t\t\t\t\t<\/button>\n\t\t\t\t<\/div>\n\t\t\t<\/div>\n\t\t<\/form>\n\t\t\t\t\t\t<\/div>\n\t\t<div class=\"elementor-element elementor-element-6080a0f2 e-con-full e-flex e-con e-child\" data-id=\"6080a0f2\" data-element_type=\"container\" data-settings=\"{&quot;_ha_eqh_enable&quot;:false}\">\n\t\t\t\t<div class=\"elementor-element elementor-element-712a1976 elementor-view-default elementor-widget elementor-widget-icon\" data-id=\"712a1976\" data-element_type=\"widget\" data-widget_type=\"icon.default\">\n\t\t\t\t\t\t\t<div class=\"elementor-icon-wrapper\">\n\t\t\t<div class=\"elementor-icon\">\n\t\t\t<svg aria-hidden=\"true\" class=\"e-font-icon-svg e-far-circle\" viewBox=\"0 0 512 512\" xmlns=\"http:\/\/www.w3.org\/2000\/svg\"><path d=\"M256 8C119 8 8 119 8 256s111 248 248 248 248-111 248-248S393 8 256 8zm0 448c-110.5 0-200-89.5-200-200S145.5 56 256 56s200 89.5 200 200-89.5 200-200 200z\"><\/path><\/svg>\t\t\t<\/div>\n\t\t<\/div>\n\t\t\t\t\t\t<\/div>\n\t\t\t\t<div class=\"elementor-element elementor-element-240bdf55 elementor-widget elementor-widget-text-editor\" data-id=\"240bdf55\" data-element_type=\"widget\" data-widget_type=\"text-editor.default\">\n\t\t\t\t\t\t\t\t\t<p>Ved tilmelding accepterer jeg at modtage nyhedsbreve og invitationer fra InPrint<\/p>\t\t\t\t\t\t\t\t<\/div>\n\t\t\t\t<\/div>\n\t\t\t\t<\/div>\n\t\t\t\t<\/div>\n\t\t\t\t<\/div>\n\t\t\t\t\t<\/div>\n\t\t\t\t<\/div>\n\t\t\t\t<\/div>\n\t\t","protected":false},"excerpt":{"rendered":"<p>Services Butiksindretning Vi hj\u00e6lper k\u00e6der og butikker med at skabe inspirerende, funktionelle rum, der styrker salget.Fra opm\u00e5ling og designforslag til produktion og montering \u2013 vi st\u00e5r for det hele.Med egne mont\u00f8rer og alt samlet under \u00e9t tag f\u00e5r du en f\u00e6rdig l\u00f8sning, der virker fra dag \u00e9t. Butikskampagner Skal du lancere en ny kampagne eller [&hellip;]<\/p>\n","protected":false},"author":2,"featured_media":0,"parent":0,"menu_order":0,"comment_status":"closed","ping_status":"closed","template":"","meta":{"footnotes":""},"class_list":["post-744","page","type-page","status-publish","hentry"],"_links":{"self":[{"href":"https:\/\/inprint.host9.slyde.dk\/index.php?rest_route=\/wp\/v2\/pages\/744","targetHints":{"allow":["GET"]}}],"collection":[{"href":"https:\/\/inprint.host9.slyde.dk\/index.php?rest_route=\/wp\/v2\/pages"}],"about":[{"href":"https:\/\/inprint.host9.slyde.dk\/index.php?rest_route=\/wp\/v2\/types\/page"}],"author":[{"embeddable":true,"href":"https:\/\/inprint.host9.slyde.dk\/index.php?rest_route=\/wp\/v2\/users\/2"}],"replies":[{"embeddable":true,"href":"https:\/\/inprint.host9.slyde.dk\/index.php?rest_route=%2Fwp%2Fv2%2Fcomments&post=744"}],"version-history":[{"count":36,"href":"https:\/\/inprint.host9.slyde.dk\/index.php?rest_route=\/wp\/v2\/pages\/744\/revisions"}],"predecessor-version":[{"id":1065,"href":"https:\/\/inprint.host9.slyde.dk\/index.php?rest_route=\/wp\/v2\/pages\/744\/revisions\/1065"}],"wp:attachment":[{"href":"https:\/\/inprint.host9.slyde.dk\/index.php?rest_route=%2Fwp%2Fv2%2Fmedia&parent=744"}],"curies":[{"name":"wp","href":"https:\/\/api.w.org\/{rel}","templated":true}]}}